{"id":51460,"date":"2023-12-17T02:44:31","date_gmt":"2023-12-17T05:44:31","guid":{"rendered":"http:\/\/www.auroradecolchagua.cl\/?post_type=product&#038;p=51460"},"modified":"2025-02-17T19:20:30","modified_gmt":"2025-02-17T22:20:30","slug":"the-beatles-now-and-then-vinilo-12-negro","status":"publish","type":"product","link":"https:\/\/www.auroradecolchagua.cl\/?product=the-beatles-now-and-then-vinilo-12-negro","title":{"rendered":"The Beatles \/ Now and Then (Vinilo 12&#8243; Negro)"},"content":{"rendered":"<p><span class=\"metafield-multi_line_text_field\">CARA A<\/span><\/p>\n<p>1. Now And Then<\/p>\n<p>CARA B<\/p>\n<p>2. Love Me Do &#8211; 1962 Single Version \/ 2023 Mix<\/p>\n","protected":false},"excerpt":{"rendered":"<p>El single de doble cara A de \u00abNow And Then\u00bb y \u00abLove Me Do\u00bb de The Beatles combina la \u00faltima canci\u00f3n de The Beatles con el primer single de la banda en el Reino Unido. Ambas canciones, poderosos cierres musicales del canon discogr\u00e1fico de The Beatles, tambi\u00e9n aparecen en las ediciones ampliadas del aniversario de 1962-1966 (\u00abThe Red Album\u00bb) y 1967-1970 (\u00abThe Blue Album\u00bb).<\/p>\n<p><strong>\u00abNow And Then\u00bb<\/strong><br \/>\n\u00abNow And Then\u00bb es la \u00faltima canci\u00f3n de los Beatles, escrita y maquetada por John Lennon a mediados\/finales de la d\u00e9cada de 1970. Con la voz de John ahora pr\u00edstina en la mezcla, \u00abNow And Then\u00bb presenta elementos de las sesiones de 1995, incluyendo las partes de guitarra de George Harrison, y partes vocales e instrumentales grabadas por Paul McCartney y Ringo Starr en 2022, junto con un nuevo arreglo para cuerdas. Producida por Paul y Giles Martin, \u00abNow And Then\u00bb es la \u00faltima canci\u00f3n grabada por los cuatro Beatles, un final poderoso y apropiado para las grabaciones atemporales de la banda.<\/p>\n<p><strong>\u00abLove Me Do\u00bb<\/strong><br \/>\n\u00abLove Me Do\u00bb, la canci\u00f3n que lo empez\u00f3 todo, fue el primer sencillo de los Beatles en el Reino Unido en 1962. Por primera vez, esta canci\u00f3n emblem\u00e1tica se ha remezclado en est\u00e9reo real mediante aprendizaje autom\u00e1tico. \u00abLove Me Do\u00bb lanz\u00f3 a los Beatles a un \u00e9xito mundial sin precedentes que contin\u00faa hasta hoy.<\/p>\n","protected":false},"featured_media":51461,"template":"","meta":[],"product_brand":[],"product_cat":[24],"product_tag":[],"class_list":{"0":"post-51460","1":"product","2":"type-product","3":"status-publish","4":"has-post-thumbnail","6":"product_cat-vinilos","8":"first","9":"instock","10":"sale","11":"shipping-taxable","12":"purchasable","13":"product-type-simple"},"_links":{"self":[{"href":"https:\/\/www.auroradecolchagua.cl\/index.php?rest_route=\/wp\/v2\/product\/51460","targetHints":{"allow":["GET"]}}],"collection":[{"href":"https:\/\/www.auroradecolchagua.cl\/index.php?rest_route=\/wp\/v2\/product"}],"about":[{"href":"https:\/\/www.auroradecolchagua.cl\/index.php?rest_route=\/wp\/v2\/types\/product"}],"wp:featuredmedia":[{"embeddable":true,"href":"https:\/\/www.auroradecolchagua.cl\/index.php?rest_route=\/wp\/v2\/media\/51461"}],"wp:attachment":[{"href":"https:\/\/www.auroradecolchagua.cl\/index.php?rest_route=%2Fwp%2Fv2%2Fmedia&parent=51460"}],"wp:term":[{"taxonomy":"product_brand","embeddable":true,"href":"https:\/\/www.auroradecolchagua.cl\/index.php?rest_route=%2Fwp%2Fv2%2Fproduct_brand&post=51460"},{"taxonomy":"product_cat","embeddable":true,"href":"https:\/\/www.auroradecolchagua.cl\/index.php?rest_route=%2Fwp%2Fv2%2Fproduct_cat&post=51460"},{"taxonomy":"product_tag","embeddable":true,"href":"https:\/\/www.auroradecolchagua.cl\/index.php?rest_route=%2Fwp%2Fv2%2Fproduct_tag&post=51460"}],"curies":[{"name":"wp","href":"https:\/\/api.w.org\/{rel}","templated":true}]}}