{"id":51440,"date":"2023-04-13T01:39:34","date_gmt":"2023-04-13T04:39:34","guid":{"rendered":"http:\/\/www.auroradecolchagua.cl\/?post_type=product&#038;p=51440"},"modified":"2025-02-17T19:20:29","modified_gmt":"2025-02-17T22:20:29","slug":"diez-anos-de-el-marino","status":"publish","type":"product","link":"https:\/\/www.auroradecolchagua.cl\/?product=diez-anos-de-el-marino","title":{"rendered":"Diez a\u00f1os de El Marino"},"content":{"rendered":"","protected":false},"excerpt":{"rendered":"<p>El 30 de abril de 2023 es una fecha muy importante para el diario <em>El Marino<\/em> de Pichilemu, en que conmemorar\u00e1 su d\u00e9cimo aniversario, ocasi\u00f3n en que publicar\u00e1 el libro \u00abDiez a\u00f1os de <em>El Marino<\/em>\u00ab.<\/p>\n<p>Esta publicaci\u00f3n es una verdadera joya para aquellos que desean conocer m\u00e1s sobre la evoluci\u00f3n del periodismo en la regi\u00f3n de Colchagua y la historia reciente de Pichilemu. \u00abDiez a\u00f1os de <em>El Marino<\/em>\u00bb incluye una cr\u00f3nica detallada del periodismo colchag\u00fcino, una breve historia del diario y una semblanza de los hechos m\u00e1s importantes de los \u00faltimos diez a\u00f1os.<\/p>\n<p>Con este libro, podr\u00e1s conocer la trayectoria del periodismo de la zona, desde <em>El Eco<\/em> de San Fernando hasta la actualidad, as\u00ed como tambi\u00e9n revisitar algunos de los momentos m\u00e1s significativos de la historia reciente de la regi\u00f3n.<\/p>\n<p>No pierdas la oportunidad de ser uno de los primeros en tener este libro en tus manos. Adquiere \u00abDiez a\u00f1os de <em>El Marino<\/em>\u00bb en preventa y disfruta de una obra que se convertir\u00e1 en un tesoro para aquellos interesados en la historia y cultura local. \u00a1No esperes m\u00e1s y adquiere \u00abDiez a\u00f1os de<em> El Marino<\/em>\u00bb ahora!<\/p>\n<p><s><em><strong>PRIMEROS EJEMPLARES LLEGAR\u00c3\u0081N A MEDIADOS DE MAYO DE 2023 Y SE DESPACHAR\u00c3\u0081N TAN PRONTO COMO SE DISPONGA DE ELLOS.<\/strong><\/em><\/s><\/p>\n<p><em><strong>SEGUNDA IMPRESI\u00d3N LLEGA A COMIENZOS DE AGOSTO DE 2023.<\/strong><\/em><\/p>\n","protected":false},"featured_media":51441,"template":"","meta":[],"product_brand":[],"product_cat":[19,20],"product_tag":[],"class_list":{"0":"post-51440","1":"product","2":"type-product","3":"status-publish","4":"has-post-thumbnail","6":"product_cat-libros","7":"product_cat-preventa","9":"first","10":"onbackorder","11":"sale","12":"shipping-taxable","13":"purchasable","14":"product-type-simple"},"_links":{"self":[{"href":"https:\/\/www.auroradecolchagua.cl\/index.php?rest_route=\/wp\/v2\/product\/51440","targetHints":{"allow":["GET"]}}],"collection":[{"href":"https:\/\/www.auroradecolchagua.cl\/index.php?rest_route=\/wp\/v2\/product"}],"about":[{"href":"https:\/\/www.auroradecolchagua.cl\/index.php?rest_route=\/wp\/v2\/types\/product"}],"wp:featuredmedia":[{"embeddable":true,"href":"https:\/\/www.auroradecolchagua.cl\/index.php?rest_route=\/wp\/v2\/media\/51441"}],"wp:attachment":[{"href":"https:\/\/www.auroradecolchagua.cl\/index.php?rest_route=%2Fwp%2Fv2%2Fmedia&parent=51440"}],"wp:term":[{"taxonomy":"product_brand","embeddable":true,"href":"https:\/\/www.auroradecolchagua.cl\/index.php?rest_route=%2Fwp%2Fv2%2Fproduct_brand&post=51440"},{"taxonomy":"product_cat","embeddable":true,"href":"https:\/\/www.auroradecolchagua.cl\/index.php?rest_route=%2Fwp%2Fv2%2Fproduct_cat&post=51440"},{"taxonomy":"product_tag","embeddable":true,"href":"https:\/\/www.auroradecolchagua.cl\/index.php?rest_route=%2Fwp%2Fv2%2Fproduct_tag&post=51440"}],"curies":[{"name":"wp","href":"https:\/\/api.w.org\/{rel}","templated":true}]}}