{"id":51385,"date":"2021-11-10T13:42:36","date_gmt":"2021-11-10T16:42:36","guid":{"rendered":"http:\/\/www.auroradecolchagua.cl\/?post_type=product&#038;p=51385"},"modified":"2025-02-17T19:20:29","modified_gmt":"2025-02-17T22:20:29","slug":"escritos-2010-2021-diego-grez-canete","status":"publish","type":"product","link":"https:\/\/www.auroradecolchagua.cl\/?product=escritos-2010-2021-diego-grez-canete","title":{"rendered":"Escritos 2010-2021 \/ Diego Grez Ca\u00f1ete"},"content":{"rendered":"","protected":false},"excerpt":{"rendered":"<p>Compilaci\u00f3n de escritos de Diego Grez Ca\u00f1ete, entre 2010 y 2021, desde sus primeros escritos en Wikinews hasta las editoriales de El Marino.<\/p>\n","protected":false},"featured_media":51386,"template":"","meta":[],"product_brand":[],"product_cat":[19],"product_tag":[],"class_list":{"0":"post-51385","1":"product","2":"type-product","3":"status-publish","4":"has-post-thumbnail","6":"product_cat-libros","8":"first","9":"onbackorder","10":"sale","11":"shipping-taxable","12":"purchasable","13":"product-type-simple"},"_links":{"self":[{"href":"https:\/\/www.auroradecolchagua.cl\/index.php?rest_route=\/wp\/v2\/product\/51385","targetHints":{"allow":["GET"]}}],"collection":[{"href":"https:\/\/www.auroradecolchagua.cl\/index.php?rest_route=\/wp\/v2\/product"}],"about":[{"href":"https:\/\/www.auroradecolchagua.cl\/index.php?rest_route=\/wp\/v2\/types\/product"}],"wp:featuredmedia":[{"embeddable":true,"href":"https:\/\/www.auroradecolchagua.cl\/index.php?rest_route=\/wp\/v2\/media\/51386"}],"wp:attachment":[{"href":"https:\/\/www.auroradecolchagua.cl\/index.php?rest_route=%2Fwp%2Fv2%2Fmedia&parent=51385"}],"wp:term":[{"taxonomy":"product_brand","embeddable":true,"href":"https:\/\/www.auroradecolchagua.cl\/index.php?rest_route=%2Fwp%2Fv2%2Fproduct_brand&post=51385"},{"taxonomy":"product_cat","embeddable":true,"href":"https:\/\/www.auroradecolchagua.cl\/index.php?rest_route=%2Fwp%2Fv2%2Fproduct_cat&post=51385"},{"taxonomy":"product_tag","embeddable":true,"href":"https:\/\/www.auroradecolchagua.cl\/index.php?rest_route=%2Fwp%2Fv2%2Fproduct_tag&post=51385"}],"curies":[{"name":"wp","href":"https:\/\/api.w.org\/{rel}","templated":true}]}}