{"id":51368,"date":"2021-06-27T14:37:27","date_gmt":"2021-06-27T17:37:27","guid":{"rendered":"http:\/\/www.auroradecolchagua.cl\/?post_type=product&#038;p=51368"},"modified":"2025-02-17T19:20:22","modified_gmt":"2025-02-17T22:20:22","slug":"camino-al-progreso-historia-municipal-y-personajes-destacados-de-pichilemu-reimpresion-2021","status":"publish","type":"product","link":"https:\/\/www.auroradecolchagua.cl\/?product=camino-al-progreso-historia-municipal-y-personajes-destacados-de-pichilemu-reimpresion-2021","title":{"rendered":"Camino al progreso: historia municipal y personajes destacados de Pichilemu (Reimpresi\u00f3n 2021)"},"content":{"rendered":"","protected":false},"excerpt":{"rendered":"<p><strong>REIMPRESI\u00d3N EN ESTADOS UNIDOS. DISPONIBLE DESDE FINES DE JULIO DE 2021.<\/strong><\/p>\n<p><em>M\u00e1s de cuarenta alcaldes han dirigido los destinos de la comuna de Pichilemu, desde la instalaci\u00f3n de la Municipalidad en mayo de 1894: algunos con m\u00e1s acierto que otros, pero sin duda, todos buscando el progreso local.<\/em><\/p>\n<p><em>\u201cCamino al Progreso\u201d\u009d no solo recupera la historia administrativa local, sino que tambi\u00e9n reconstruye las biograf\u00edas de vecinos relevantes, desde dirigentes sociales a folcloristas. Tambi\u00e9n se incluyen censos, resultados eleccionarios, y documentos para sumergirse en la historia pichilemina.<\/em><\/p>\n","protected":false},"featured_media":51369,"template":"","meta":[],"product_brand":[],"product_cat":[19],"product_tag":[],"class_list":{"0":"post-51368","1":"product","2":"type-product","3":"status-publish","4":"has-post-thumbnail","6":"product_cat-libros","8":"first","9":"instock","10":"sale","11":"shipping-taxable","12":"purchasable","13":"product-type-simple"},"_links":{"self":[{"href":"https:\/\/www.auroradecolchagua.cl\/index.php?rest_route=\/wp\/v2\/product\/51368","targetHints":{"allow":["GET"]}}],"collection":[{"href":"https:\/\/www.auroradecolchagua.cl\/index.php?rest_route=\/wp\/v2\/product"}],"about":[{"href":"https:\/\/www.auroradecolchagua.cl\/index.php?rest_route=\/wp\/v2\/types\/product"}],"wp:featuredmedia":[{"embeddable":true,"href":"https:\/\/www.auroradecolchagua.cl\/index.php?rest_route=\/wp\/v2\/media\/51369"}],"wp:attachment":[{"href":"https:\/\/www.auroradecolchagua.cl\/index.php?rest_route=%2Fwp%2Fv2%2Fmedia&parent=51368"}],"wp:term":[{"taxonomy":"product_brand","embeddable":true,"href":"https:\/\/www.auroradecolchagua.cl\/index.php?rest_route=%2Fwp%2Fv2%2Fproduct_brand&post=51368"},{"taxonomy":"product_cat","embeddable":true,"href":"https:\/\/www.auroradecolchagua.cl\/index.php?rest_route=%2Fwp%2Fv2%2Fproduct_cat&post=51368"},{"taxonomy":"product_tag","embeddable":true,"href":"https:\/\/www.auroradecolchagua.cl\/index.php?rest_route=%2Fwp%2Fv2%2Fproduct_tag&post=51368"}],"curies":[{"name":"wp","href":"https:\/\/api.w.org\/{rel}","templated":true}]}}