{"id":51311,"date":"2020-08-27T22:33:50","date_gmt":"2020-08-28T01:33:50","guid":{"rendered":"http:\/\/www.auroradecolchagua.cl\/?post_type=product&#038;p=51311"},"modified":"2025-05-19T15:54:42","modified_gmt":"2025-05-19T18:54:42","slug":"preventa-historia-de-curico-tomas-guevara-silva","status":"publish","type":"product","link":"https:\/\/www.auroradecolchagua.cl\/?product=preventa-historia-de-curico-tomas-guevara-silva","title":{"rendered":"Historia de Curic\u00f3 \/ Tom\u00e1s Guevara Silva"},"content":{"rendered":"","protected":false},"excerpt":{"rendered":"<p><strong> REEDICI\u00d3N DE HISTORIA DE CURIC\u00d3 DE TOM\u00c3\u0081S GUEVARA SILVA, LIBRO ORIGINALMENTE PUBLICADO EN 1890<\/strong><\/p>\n<p><strong>REIMPRESI\u00d3N REALIZADA EN ESTADOS UNIDOS.<\/strong><\/p>\n<p>Curic\u00f3 fue colchag\u00fcina, y lo fue durante una parte importante de su historia, la misma que en este volumen pretende relatar el historiador Tom\u00e1s Guevara Silva, quien lo entreg\u00f3 a la luz p\u00fablica en 1890.<\/p>\n<p>Aunque tuvo una reedici\u00f3n en 1997,<em> Historia de Curic\u00f3<\/em> ha sido un libro escaso y, por tanto, dif\u00edcil de conseguir para la comunidad general.<\/p>\n<p>El libro comprende desde los inicios de la Conquista hasta la Guerra del Pac\u00edfico, en el siglo XIX, y geogr\u00e1ficamente abarca el territorio de la antigua provincia curicana, desde Boyeruca, Llico y Vichuqu\u00e9n por la costa; Santa Cruz, Lolol, Teno y Ch\u00e9pica por el valle; hasta llegar, por fin, a la urbe de Curic\u00f3.<\/p>\n<p>Este escrito es, por tanto, sumamente relevante para comprender la historia primitiva no solo de aquella ciudad fundada en 1743, sino que de la gran y antigua Colchagua.<\/p>\n","protected":false},"featured_media":51312,"template":"","meta":[],"product_brand":[],"product_cat":[19],"product_tag":[],"class_list":{"0":"post-51311","1":"product","2":"type-product","3":"status-publish","4":"has-post-thumbnail","6":"product_cat-libros","8":"first","9":"onbackorder","10":"sale","11":"shipping-taxable","12":"purchasable","13":"product-type-simple"},"_links":{"self":[{"href":"https:\/\/www.auroradecolchagua.cl\/index.php?rest_route=\/wp\/v2\/product\/51311","targetHints":{"allow":["GET"]}}],"collection":[{"href":"https:\/\/www.auroradecolchagua.cl\/index.php?rest_route=\/wp\/v2\/product"}],"about":[{"href":"https:\/\/www.auroradecolchagua.cl\/index.php?rest_route=\/wp\/v2\/types\/product"}],"wp:featuredmedia":[{"embeddable":true,"href":"https:\/\/www.auroradecolchagua.cl\/index.php?rest_route=\/wp\/v2\/media\/51312"}],"wp:attachment":[{"href":"https:\/\/www.auroradecolchagua.cl\/index.php?rest_route=%2Fwp%2Fv2%2Fmedia&parent=51311"}],"wp:term":[{"taxonomy":"product_brand","embeddable":true,"href":"https:\/\/www.auroradecolchagua.cl\/index.php?rest_route=%2Fwp%2Fv2%2Fproduct_brand&post=51311"},{"taxonomy":"product_cat","embeddable":true,"href":"https:\/\/www.auroradecolchagua.cl\/index.php?rest_route=%2Fwp%2Fv2%2Fproduct_cat&post=51311"},{"taxonomy":"product_tag","embeddable":true,"href":"https:\/\/www.auroradecolchagua.cl\/index.php?rest_route=%2Fwp%2Fv2%2Fproduct_tag&post=51311"}],"curies":[{"name":"wp","href":"https:\/\/api.w.org\/{rel}","templated":true}]}}