{"id":51305,"date":"2020-08-26T17:24:51","date_gmt":"2020-08-26T20:24:51","guid":{"rendered":"http:\/\/www.auroradecolchagua.cl\/?post_type=product&#038;p=51305"},"modified":"2025-09-29T15:13:09","modified_gmt":"2025-09-29T18:13:09","slug":"preventa-las-casas-troncales-luis-de-amesti-casal","status":"publish","type":"product","link":"https:\/\/www.auroradecolchagua.cl\/?product=preventa-las-casas-troncales-luis-de-amesti-casal","title":{"rendered":"Las casas troncales \/ Luis de Amesti Casal"},"content":{"rendered":"","protected":false},"excerpt":{"rendered":"<p><strong>REEDICI\u00d3N DE LAS CASAS TRONCALES (HISTORIA DE COLCHAGUA, TOMO I) DE LUIS DE AMESTI CASAL, LIBRO ORIGINALMENTE PUBLICADO EN 1926 Y DESCONTINUADO HACE D\u00c9CADAS.<\/strong><\/p>\n<p><strong>REIMPRESI\u00d3N REALIZADA EN ESTADOS UNIDOS.<\/strong><\/p>\n<p>Este libro pretend\u00eda ser el primer tomo de una serie denominada Historia de Colchagua, pero su autor jam\u00e1s pudo terminar su cometido. El historiador Luis de Amesti Casal (1892-1992), tras hurgar durante m\u00e1s de dos d\u00e9cadas archivos municipales, parroquiales, judiciales y notariales, intent\u00f3 reconstruir la historia de la huasa provincia a partir de las personas que la formaron: aquellas familias que establecieron los cimientos de lo que hoy conocemos como Colchagua.<\/p>\n<p>Las casas troncales comprende el estudio de las primeras familias colonizadoras y, en palabras de su autor, tiene por objeto \u201cdesarrollar cierto esp\u00edritu de solidaridad entre las generaciones actuales y el pasado\u201d\u009d.<\/p>\n<p>A casi cien a\u00f1os de su publicaci\u00f3n inicial, esta reedici\u00f3n facsimilar celebra el trabajo geneal\u00f3gico del destacado historiador colchag\u00fcino y busca acercar su obra a un nuevo p\u00fablico.<\/p>\n<h3>Sobre el autor<\/h3>\n<p><strong>Luis de Amesti Casal (1892-1992)<\/strong> fue un historiador colchag\u00fcino.<\/p>\n","protected":false},"featured_media":51309,"template":"","meta":[],"product_brand":[],"product_cat":[19],"product_tag":[],"class_list":{"0":"post-51305","1":"product","2":"type-product","3":"status-publish","4":"has-post-thumbnail","6":"product_cat-libros","8":"first","9":"onbackorder","10":"sale","11":"shipping-taxable","12":"purchasable","13":"product-type-simple"},"_links":{"self":[{"href":"https:\/\/www.auroradecolchagua.cl\/index.php?rest_route=\/wp\/v2\/product\/51305","targetHints":{"allow":["GET"]}}],"collection":[{"href":"https:\/\/www.auroradecolchagua.cl\/index.php?rest_route=\/wp\/v2\/product"}],"about":[{"href":"https:\/\/www.auroradecolchagua.cl\/index.php?rest_route=\/wp\/v2\/types\/product"}],"wp:featuredmedia":[{"embeddable":true,"href":"https:\/\/www.auroradecolchagua.cl\/index.php?rest_route=\/wp\/v2\/media\/51309"}],"wp:attachment":[{"href":"https:\/\/www.auroradecolchagua.cl\/index.php?rest_route=%2Fwp%2Fv2%2Fmedia&parent=51305"}],"wp:term":[{"taxonomy":"product_brand","embeddable":true,"href":"https:\/\/www.auroradecolchagua.cl\/index.php?rest_route=%2Fwp%2Fv2%2Fproduct_brand&post=51305"},{"taxonomy":"product_cat","embeddable":true,"href":"https:\/\/www.auroradecolchagua.cl\/index.php?rest_route=%2Fwp%2Fv2%2Fproduct_cat&post=51305"},{"taxonomy":"product_tag","embeddable":true,"href":"https:\/\/www.auroradecolchagua.cl\/index.php?rest_route=%2Fwp%2Fv2%2Fproduct_tag&post=51305"}],"curies":[{"name":"wp","href":"https:\/\/api.w.org\/{rel}","templated":true}]}}