{"id":51245,"date":"2018-06-19T02:33:02","date_gmt":"2018-06-19T05:33:02","guid":{"rendered":"http:\/\/www.grezcanete.com\/?post_type=product&#038;p=51245"},"modified":"2025-02-17T19:20:22","modified_gmt":"2025-02-17T22:20:22","slug":"camino-al-progreso-historia-municipal-personajes-destacados-pichilemu","status":"publish","type":"product","link":"https:\/\/www.auroradecolchagua.cl\/?product=camino-al-progreso-historia-municipal-personajes-destacados-pichilemu","title":{"rendered":"Camino al progreso: historia municipal y personajes destacados de Pichilemu"},"content":{"rendered":"","protected":false},"excerpt":{"rendered":"<p><em>M\u00e1s de cuarenta alcaldes han dirigido los destinos de la comuna de Pichilemu, desde la instalaci\u00f3n de la Municipalidad en mayo de 1894: algunos con m\u00e1s acierto que otros, pero sin duda, todos buscando el progreso local.<\/em><\/p>\n<p><em>\u201cCamino al Progreso\u201d\u009d no solo recupera la historia administrativa local, sino que tambi\u00e9n reconstruye las biograf\u00edas de vecinos relevantes, desde dirigentes sociales a folcloristas. Tambi\u00e9n se incluyen censos, resultados eleccionarios, y documentos para sumergirse en la historia pichilemina.<\/em><\/p>\n<h3>Sobre el autor<\/h3>\n<p>Naci\u00f3 el 4 de octubre de 1994 en Santa Cruz. Tras finalizar sus estudios secundarios en Pichilemu, ingres\u00f3 a la Universidad de Chile en 2013, a\u00f1o en que funda el sitio web Memoria Pichilemina, que recopila antecedentes sobre la historia de la provincia Cardenal Caro. Es director del diario digital El Marino.<\/p>\n<p>Junto a \u201cCr\u00f3nicas de Pichilemu\u201d\u009d, este trabajo es el resultado de una investigaci\u00f3n, que implic\u00f3, desde revisar antiguos libros de actas municipales, a entrevistar personajes locales.<\/p>\n<p><a href=\"https:\/\/books.google.cl\/books?id=IF8vDwAAQBAJ\"><strong>Ver en Google Books<\/strong><\/a><\/p>\n","protected":false},"featured_media":51255,"template":"","meta":[],"product_brand":[],"product_cat":[19],"product_tag":[],"class_list":{"0":"post-51245","1":"product","2":"type-product","3":"status-publish","4":"has-post-thumbnail","6":"product_cat-libros","8":"first","9":"outofstock","10":"sale","11":"shipping-taxable","12":"purchasable","13":"product-type-simple"},"_links":{"self":[{"href":"https:\/\/www.auroradecolchagua.cl\/index.php?rest_route=\/wp\/v2\/product\/51245","targetHints":{"allow":["GET"]}}],"collection":[{"href":"https:\/\/www.auroradecolchagua.cl\/index.php?rest_route=\/wp\/v2\/product"}],"about":[{"href":"https:\/\/www.auroradecolchagua.cl\/index.php?rest_route=\/wp\/v2\/types\/product"}],"wp:featuredmedia":[{"embeddable":true,"href":"https:\/\/www.auroradecolchagua.cl\/index.php?rest_route=\/wp\/v2\/media\/51255"}],"wp:attachment":[{"href":"https:\/\/www.auroradecolchagua.cl\/index.php?rest_route=%2Fwp%2Fv2%2Fmedia&parent=51245"}],"wp:term":[{"taxonomy":"product_brand","embeddable":true,"href":"https:\/\/www.auroradecolchagua.cl\/index.php?rest_route=%2Fwp%2Fv2%2Fproduct_brand&post=51245"},{"taxonomy":"product_cat","embeddable":true,"href":"https:\/\/www.auroradecolchagua.cl\/index.php?rest_route=%2Fwp%2Fv2%2Fproduct_cat&post=51245"},{"taxonomy":"product_tag","embeddable":true,"href":"https:\/\/www.auroradecolchagua.cl\/index.php?rest_route=%2Fwp%2Fv2%2Fproduct_tag&post=51245"}],"curies":[{"name":"wp","href":"https:\/\/api.w.org\/{rel}","templated":true}]}}