{"id":51480,"date":"2024-06-01T01:12:57","date_gmt":"2024-06-01T04:12:57","guid":{"rendered":"https:\/\/www.auroradecolchagua.cl\/?page_id=51480"},"modified":"2024-06-01T01:12:57","modified_gmt":"2024-06-01T04:12:57","slug":"politicas-de-garantia-y-devolucion","status":"publish","type":"page","link":"https:\/\/www.auroradecolchagua.cl\/?page_id=51480","title":{"rendered":"Pol\u00edticas de garant\u00eda y devoluci\u00f3n"},"content":{"rendered":"<div class=\"single-content\">\n<div class=\"single-entry-summary\">\n<p><strong>Resumen de nuestra pol\u00edtica de devoluci\u00f3n:<\/strong><\/p>\n<ol>\n<li>Cont\u00e1ctenos antes de devolver cualquier producto.<\/li>\n<li>La Garant\u00eda cubre hasta 3 meses despu\u00e9s de la fecha de compra.<\/li>\n<li>La Garant\u00eda no cubre satisfacci\u00f3n. Si el producto est\u00e1 en perfecto estado pero no cumple con sus expectativas en cuanto a color, formato, tama\u00f1o, o si se arrepinti\u00f3 de la compra, no se realizar\u00e1 cambio ni devoluci\u00f3n del dinero.<\/li>\n<li>El producto debe estar en perfectas condiciones, tal como fue entregado.<\/li>\n<li>La devoluci\u00f3n solo cubre cambio por el mismo producto, otro del mismo valor, o uno de mayor valor pagando la diferencia.<\/li>\n<li>No se reembolsa el dinero, a menos que sea el \u00fanico producto en stock.<\/li>\n<\/ol>\n<p><strong>Pol\u00edtica de devoluci\u00f3n:<\/strong> Por favor, cont\u00e1ctanos antes de devolver cualquier producto. Verifica la entrega para asegurarte de que est\u00e9 libre de errores o fallas. Al realizar un reclamo, comun\u00edcate con nosotros para explicar la raz\u00f3n y proporcionar toda la informaci\u00f3n necesaria.<\/p>\n<p><strong>Condiciones para la devoluci\u00f3n:<\/strong> La Garant\u00eda no cubre satisfacci\u00f3n. Si el producto est\u00e1 en perfecto estado pero no cumple con tus expectativas, no se realizar\u00e1 cambio ni devoluci\u00f3n. Para solicitar la garant\u00eda legal, cont\u00e1ctanos a trav\u00e9s de contacto@auroradecolchagua.cl para informarnos sobre el problema y coordinar el procedimiento. La garant\u00eda se puede exigir hasta 3 meses despu\u00e9s de la compra. El producto debe estar en perfectas condiciones y nuevo, sin uso alguno. No se realizar\u00e1 reembolso si el producto est\u00e1 usado o da\u00f1ado. Incluye informaci\u00f3n de contacto en la devoluci\u00f3n y, si es posible, un c\u00f3digo de seguimiento del paquete. Si el pago fue en efectivo, proporciona un n\u00famero de cuenta bancaria para la transferencia correspondiente. Cualquier falla de f\u00e1brica debe notificarse en los primeros 5 d\u00edas h\u00e1biles despu\u00e9s de la recepci\u00f3n.<\/p>\n<p><strong>Da\u00f1os de transporte:<\/strong> Si el producto se pierde o llega da\u00f1ado durante el transporte, inf\u00f3rmanos inmediatamente. Estamos aqu\u00ed para ayudarte.<\/p>\n<\/div>\n<\/div>\n","protected":false},"excerpt":{"rendered":"<p>Resumen de nuestra pol\u00edtica de devoluci\u00f3n: Cont\u00e1ctenos antes de devolver cualquier producto. La Garant\u00eda cubre hasta 3 meses despu\u00e9s de la fecha de compra. La Garant\u00eda no cubre satisfacci\u00f3n. Si el producto est\u00e1 en perfecto estado pero no cumple con sus expectativas en cuanto a color, formato, tama\u00f1o, o si se arrepinti\u00f3 de la compra, &hellip; <\/p>\n","protected":false},"author":1,"featured_media":0,"parent":0,"menu_order":0,"comment_status":"closed","ping_status":"closed","template":"","meta":{"footnotes":""},"class_list":["post-51480","page","type-page","status-publish","hentry"],"_links":{"self":[{"href":"https:\/\/www.auroradecolchagua.cl\/index.php?rest_route=\/wp\/v2\/pages\/51480","targetHints":{"allow":["GET"]}}],"collection":[{"href":"https:\/\/www.auroradecolchagua.cl\/index.php?rest_route=\/wp\/v2\/pages"}],"about":[{"href":"https:\/\/www.auroradecolchagua.cl\/index.php?rest_route=\/wp\/v2\/types\/page"}],"author":[{"embeddable":true,"href":"https:\/\/www.auroradecolchagua.cl\/index.php?rest_route=\/wp\/v2\/users\/1"}],"replies":[{"embeddable":true,"href":"https:\/\/www.auroradecolchagua.cl\/index.php?rest_route=%2Fwp%2Fv2%2Fcomments&post=51480"}],"version-history":[{"count":1,"href":"https:\/\/www.auroradecolchagua.cl\/index.php?rest_route=\/wp\/v2\/pages\/51480\/revisions"}],"predecessor-version":[{"id":51481,"href":"https:\/\/www.auroradecolchagua.cl\/index.php?rest_route=\/wp\/v2\/pages\/51480\/revisions\/51481"}],"wp:attachment":[{"href":"https:\/\/www.auroradecolchagua.cl\/index.php?rest_route=%2Fwp%2Fv2%2Fmedia&parent=51480"}],"curies":[{"name":"wp","href":"https:\/\/api.w.org\/{rel}","templated":true}]}}