{"id":51475,"date":"2024-06-01T01:11:28","date_gmt":"2024-06-01T04:11:28","guid":{"rendered":"https:\/\/www.auroradecolchagua.cl\/?page_id=51475"},"modified":"2024-06-01T01:11:28","modified_gmt":"2024-06-01T04:11:28","slug":"politicas-de-envio","status":"publish","type":"page","link":"https:\/\/www.auroradecolchagua.cl\/?page_id=51475","title":{"rendered":"Pol\u00edticas de env\u00edo"},"content":{"rendered":"<article class=\"col-md-9\">\n<div class=\"post-785 page type-page status-publish hentry\">\n<div class=\"single-content\">\n<div class=\"single-entry-summary\">\n<p><strong>Pol\u00edtica de Env\u00edo<br \/>\n<\/strong><\/p>\n<p>En Aurora de Colchagua, nos comprometemos a brindarte un servicio de env\u00edo confiable y eficiente para que recibas tus compras en la comodidad de tu hogar o en la sucursal de tu preferencia. A continuaci\u00f3n, te proporcionamos informaci\u00f3n detallada sobre nuestras opciones de env\u00edo y los plazos de entrega:<\/p>\n<p><strong>Servicios de Courier<\/strong><\/p>\n<p>Utilizamos los servicios de Correos de Chile y Starken para realizar nuestros env\u00edos a todas las regiones del pa\u00eds, incluida la Isla de Pascua. Lamentablemente, no ofrecemos servicio de entrega gratuita, salvo que se informe expresamente en caso de una promoci\u00f3n.<\/p>\n<p><strong>Opciones de Env\u00edo<\/strong><\/p>\n<ol>\n<li><strong>Domicilios Particulares:<\/strong> Enviamos tu compra directamente a la direcci\u00f3n que nos indiques. Es importante que verifiques cuidadosamente la informaci\u00f3n proporcionada para evitar retrasos en la entrega y costos adicionales debido a errores en la direcci\u00f3n.<\/li>\n<li><strong>Retiro en Agencias:<\/strong> Tambi\u00e9n puedes optar por retirar tu compra en las sucursales de Correos de Chile o Starken m\u00e1s cercanas a ti. Aseg\u00farate de seleccionar la sucursal adecuada para evitar retrasos y costos adicionales en el despacho.<\/li>\n<\/ol>\n<p><strong>Plazos de Entrega<\/strong><\/p>\n<p>Normalmente, los env\u00edos se realizan dentro de la semana siguiente a la confirmaci\u00f3n de la compra. Sin embargo, si los art\u00edculos no est\u00e1n en stock disponible y deben ser importados, el plazo de entrega puede variar, seg\u00fan se informa en cada producto. El comprador deber\u00e1 informar en la nota del pedido, o a trav\u00e9s de un correo electr\u00f3nico a contacto@auroradecolchagua.cl se\u00f1alando el n\u00famero de pedido, si desea que se haga uno o m\u00e1s pedidos en los casos en que el cliente adquiera un producto en preventa junto con alguno que sea de env\u00edo inmediato.<\/p>\n<p><strong>Costo de Env\u00edo<\/strong><\/p>\n<p>Los costos de env\u00edo ser\u00e1n asumidos por el cliente y se calcular\u00e1n de acuerdo con las tarifas vigentes de las empresas de Courier, considerando el tama\u00f1o, peso y destino del paquete. Para todos los destinos y agencias, el env\u00edo ser\u00e1 \u201cpor pagar\u201d\u009d.<\/p>\n<p>Recuerda que si el estado de tu orden cambia a \u201cterminado\u201d\u009d, significa que est\u00e1 lista para ser despachada y recibir\u00e1s un correo con los detalles del env\u00edo.<\/p>\n<p>Gracias por confiar en <strong>Aurora de Colchagua<\/strong>. \u00a1Esperamos que disfrutes de tus productos!<\/p>\n<\/div>\n<\/div>\n<\/div>\n<\/article>\n","protected":false},"excerpt":{"rendered":"<p>Pol\u00edtica de Env\u00edo En Aurora de Colchagua, nos comprometemos a brindarte un servicio de env\u00edo confiable y eficiente para que recibas tus compras en la comodidad de tu hogar o en la sucursal de tu preferencia. A continuaci\u00f3n, te proporcionamos informaci\u00f3n detallada sobre nuestras opciones de env\u00edo y los plazos de entrega: Servicios de Courier &hellip; <\/p>\n","protected":false},"author":1,"featured_media":0,"parent":0,"menu_order":0,"comment_status":"closed","ping_status":"closed","template":"","meta":{"footnotes":""},"class_list":["post-51475","page","type-page","status-publish","hentry"],"_links":{"self":[{"href":"https:\/\/www.auroradecolchagua.cl\/index.php?rest_route=\/wp\/v2\/pages\/51475","targetHints":{"allow":["GET"]}}],"collection":[{"href":"https:\/\/www.auroradecolchagua.cl\/index.php?rest_route=\/wp\/v2\/pages"}],"about":[{"href":"https:\/\/www.auroradecolchagua.cl\/index.php?rest_route=\/wp\/v2\/types\/page"}],"author":[{"embeddable":true,"href":"https:\/\/www.auroradecolchagua.cl\/index.php?rest_route=\/wp\/v2\/users\/1"}],"replies":[{"embeddable":true,"href":"https:\/\/www.auroradecolchagua.cl\/index.php?rest_route=%2Fwp%2Fv2%2Fcomments&post=51475"}],"version-history":[{"count":1,"href":"https:\/\/www.auroradecolchagua.cl\/index.php?rest_route=\/wp\/v2\/pages\/51475\/revisions"}],"predecessor-version":[{"id":51476,"href":"https:\/\/www.auroradecolchagua.cl\/index.php?rest_route=\/wp\/v2\/pages\/51475\/revisions\/51476"}],"wp:attachment":[{"href":"https:\/\/www.auroradecolchagua.cl\/index.php?rest_route=%2Fwp%2Fv2%2Fmedia&parent=51475"}],"curies":[{"name":"wp","href":"https:\/\/api.w.org\/{rel}","templated":true}]}}