{"id":2,"date":"2007-10-30T15:27:25","date_gmt":"2007-10-30T18:27:25","guid":{"rendered":""},"modified":"2019-07-14T00:53:35","modified_gmt":"2019-07-14T03:53:35","slug":"acerca-de","status":"publish","type":"page","link":"https:\/\/www.auroradecolchagua.cl\/?page_id=2","title":{"rendered":"Acerca de"},"content":{"rendered":"<p><strong>Aurora de Colchagua<\/strong> nace en 2013, con la creaci\u00f3n del portal web Memoria Pichilemina, de Diego Grez Ca\u00f1ete, para difundir material cultural e hist\u00f3rico de la costa regional. En 2016 se inicia, bajo la denominaci\u00f3n de El Marino Producciones, la publicaci\u00f3n de libros de historia local, entre los que destacan \u00abCr\u00f3nicas de Pichilemu\u00bb. Desde 2018 se denomina Aurora de Colchagua, haciendo homenaje al primer peri\u00f3dico de Chile y al sentimiento regionalista de Colchagua.<\/p>\n","protected":false},"excerpt":{"rendered":"<p>Aurora de Colchagua nace en 2013, con la creaci\u00f3n del portal web Memoria Pichilemina, de Diego Grez Ca\u00f1ete, para difundir material cultural e hist\u00f3rico de la costa regional. En 2016 se inicia, bajo la denominaci\u00f3n de El Marino Producciones, la publicaci\u00f3n de libros de historia local, entre los que destacan \u00abCr\u00f3nicas de Pichilemu\u00bb. Desde 2018 &hellip; <\/p>\n","protected":false},"author":1,"featured_media":31,"parent":0,"menu_order":0,"comment_status":"closed","ping_status":"closed","template":"","meta":{"footnotes":""},"class_list":["post-2","page","type-page","status-publish","has-post-thumbnail","hentry"],"_links":{"self":[{"href":"https:\/\/www.auroradecolchagua.cl\/index.php?rest_route=\/wp\/v2\/pages\/2","targetHints":{"allow":["GET"]}}],"collection":[{"href":"https:\/\/www.auroradecolchagua.cl\/index.php?rest_route=\/wp\/v2\/pages"}],"about":[{"href":"https:\/\/www.auroradecolchagua.cl\/index.php?rest_route=\/wp\/v2\/types\/page"}],"author":[{"embeddable":true,"href":"https:\/\/www.auroradecolchagua.cl\/index.php?rest_route=\/wp\/v2\/users\/1"}],"replies":[{"embeddable":true,"href":"https:\/\/www.auroradecolchagua.cl\/index.php?rest_route=%2Fwp%2Fv2%2Fcomments&post=2"}],"version-history":[{"count":2,"href":"https:\/\/www.auroradecolchagua.cl\/index.php?rest_route=\/wp\/v2\/pages\/2\/revisions"}],"predecessor-version":[{"id":51273,"href":"https:\/\/www.auroradecolchagua.cl\/index.php?rest_route=\/wp\/v2\/pages\/2\/revisions\/51273"}],"wp:featuredmedia":[{"embeddable":true,"href":"https:\/\/www.auroradecolchagua.cl\/index.php?rest_route=\/wp\/v2\/media\/31"}],"wp:attachment":[{"href":"https:\/\/www.auroradecolchagua.cl\/index.php?rest_route=%2Fwp%2Fv2%2Fmedia&parent=2"}],"curies":[{"name":"wp","href":"https:\/\/api.w.org\/{rel}","templated":true}]}}